{"id":10119,"date":"2022-02-16T16:16:01","date_gmt":"2022-02-16T15:16:01","guid":{"rendered":"https:\/\/uniliving.pl\/?page_id=10119"},"modified":"2022-02-16T16:19:53","modified_gmt":"2022-02-16T15:19:53","slug":"polityka-prywatnosci","status":"publish","type":"page","link":"https:\/\/uniliving.pl\/?page_id=10119","title":{"rendered":"Polityka prywatno\u015bci"},"content":{"rendered":"\t\t<div data-elementor-type=\"wp-page\" data-elementor-id=\"10119\" class=\"elementor elementor-10119\" data-elementor-settings=\"[]\">\n\t\t\t\t\t\t\t<div class=\"elementor-section-wrap\">\n\t\t\t\t\t\t\t<section class=\"elementor-section elementor-top-section elementor-element elementor-element-d79e7fc elementor-section-boxed elementor-section-height-default elementor-section-height-default\" data-id=\"d79e7fc\" data-element_type=\"section\">\n\t\t\t\t\t\t<div class=\"elementor-container elementor-column-gap-default\">\n\t\t\t\t\t<div class=\"elementor-column elementor-col-100 elementor-top-column elementor-element elementor-element-0df08d3\" data-id=\"0df08d3\" data-element_type=\"column\">\n\t\t\t<div class=\"elementor-widget-wrap elementor-element-populated\">\n\t\t\t\t\t\t\t\t<div class=\"elementor-element elementor-element-d1b9bcc elementor-widget elementor-widget-heading\" data-id=\"d1b9bcc\" data-element_type=\"widget\" data-widget_type=\"heading.default\">\n\t\t\t\t<div class=\"elementor-widget-container\">\n\t\t\t<h2 class=\"elementor-heading-title elementor-size-default\">Polityka prywatno\u015bci<\/h2>\t\t<\/div>\n\t\t\t\t<\/div>\n\t\t\t\t\t<\/div>\n\t\t<\/div>\n\t\t\t\t\t\t\t<\/div>\n\t\t<\/section>\n\t\t\t\t<section class=\"elementor-section elementor-top-section elementor-element elementor-element-5245be9 elementor-section-boxed elementor-section-height-default elementor-section-height-default\" data-id=\"5245be9\" data-element_type=\"section\">\n\t\t\t\t\t\t<div class=\"elementor-container elementor-column-gap-default\">\n\t\t\t\t\t<div class=\"elementor-column elementor-col-100 elementor-top-column elementor-element elementor-element-c0cf755\" data-id=\"c0cf755\" data-element_type=\"column\">\n\t\t\t<div class=\"elementor-widget-wrap elementor-element-populated\">\n\t\t\t\t\t\t\t\t<div class=\"elementor-element elementor-element-b66c973 elementor-widget elementor-widget-heading\" data-id=\"b66c973\" data-element_type=\"widget\" data-widget_type=\"heading.default\">\n\t\t\t\t<div class=\"elementor-widget-container\">\n\t\t\t<h2 class=\"elementor-heading-title elementor-size-default\">wersja dost\u0119pna od dnia 20.10.2021<\/h2>\t\t<\/div>\n\t\t\t\t<\/div>\n\t\t\t\t\t<\/div>\n\t\t<\/div>\n\t\t\t\t\t\t\t<\/div>\n\t\t<\/section>\n\t\t\t\t<section class=\"elementor-section elementor-top-section elementor-element elementor-element-d5bee4e elementor-section-boxed elementor-section-height-default elementor-section-height-default\" data-id=\"d5bee4e\" data-element_type=\"section\">\n\t\t\t\t\t\t<div class=\"elementor-container elementor-column-gap-default\">\n\t\t\t\t\t<div class=\"elementor-column elementor-col-100 elementor-top-column elementor-element elementor-element-a69b2b0\" data-id=\"a69b2b0\" data-element_type=\"column\">\n\t\t\t<div class=\"elementor-widget-wrap elementor-element-populated\">\n\t\t\t\t\t\t\t\t<div class=\"elementor-element elementor-element-ed8b8dc elementor-widget elementor-widget-text-editor\" data-id=\"ed8b8dc\" data-element_type=\"widget\" data-widget_type=\"text-editor.default\">\n\t\t\t\t<div class=\"elementor-widget-container\">\n\t\t\t\t\t\t\t<p>1. Serwis zbiera w spos\u00f3b automatyczny tylko informacje zawarte w plikach cookies.<br \/><br \/>2. Pliki (cookies) s\u0105 plikami tekstowymi, kt\u00f3re przechowywane s\u0105 w urz\u0105dzeniu ko\u0144cowym u\u017cytkownika serwisu. Przeznaczone s\u0105 do korzystania ze stron serwisu. Przede wszystkim zawieraj\u0105 nazw\u0119 strony internetowej swojego pochodzenia, sw\u00f3j unikalny numer, czas przechowywania na urz\u0105dzeniu ko\u0144cowym.<\/p><p>3. Operator serwisu uniliving.pl jest podmiotem zamieszczaj\u0105cym na urz\u0105dzeniu ko\u0144cowym swojego u\u017cytkownika pliki cookies oraz maj\u0105cym do nich dost\u0119p.<\/p><p>4. Operator serwisu wykorzystuje pliki (cookies) w celu:<\/p><ul><li>dopasowania zawarto\u015bci strony internetowej do indywidualnych preferencji u\u017cytkownika, przede wszystkim pliki te rozpoznaj\u0105 jego urz\u0105dzenie, aby zgodnie z jego preferencjami wy\u015bwietli\u0107 stron\u0119;<\/li><\/ul><ul><li>przygotowywania statystyk pomagaj\u0105cych poznaniu preferencji i zachowa\u0144 u\u017cytkownik\u00f3w, analiza tych statystyk jest anonimowa i umo\u017cliwia dostosowanie zawarto\u015bci i wygl\u0105du serwisu do panuj\u0105cych trend\u00f3w, statystyki stosuje si\u0119 te\u017c do oceny popularno\u015bci strony;<\/li><\/ul><ul><li>mo\u017cliwo\u015bci logowania do serwisu;<\/li><\/ul><ul><li>utrzymania logowania u\u017cytkownika na ka\u017cdej kolejnej stronie serwisu.<\/li><\/ul><p><br \/>5. Serwis stosuje dwa zasadnicze rodzaje plik\u00f3w (cookies) &#8211; sesyjne i sta\u0142e. Pliki sesyjne s\u0105 tymczasowe, przechowuje si\u0119 je do momentu opuszczenia strony serwisu (poprzez wej\u015bcie na inn\u0105 stron\u0119, wylogowanie lub wy\u0142\u0105czenie przegl\u0105darki). Pliki sta\u0142e przechowywane s\u0105 w urz\u0105dzeniu ko\u0144cowym u\u017cytkownika do czasu ich usuni\u0119cia przez u\u017cytkownika lub przez czas wynikaj\u0105cy z ich ustawie\u0144.<br \/><br \/>6. U\u017cytkownik mo\u017ce w ka\u017cdej chwili dokona\u0107 zmiany ustawie\u0144 swojej przegl\u0105darki, aby zablokowa\u0107 obs\u0142ug\u0119 plik\u00f3w (cookies) lub ka\u017cdorazowo uzyskiwa\u0107 informacje o ich umieszczeniu w swoim urz\u0105dzeniu. Inne dost\u0119pne opcje mo\u017cna sprawdzi\u0107 w ustawieniach swojej przegl\u0105darki internetowej. Nale\u017cy pami\u0119ta\u0107, \u017ce wi\u0119kszo\u015b\u0107 przegl\u0105darek domy\u015blnie jest ustawione na akceptacj\u0119 zapisu plik\u00f3w (cookies) w urz\u0105dzeniu ko\u0144cowym.<br \/><br \/>7. Operator Serwisu informuje, \u017ce zmiany ustawie\u0144 w przegl\u0105darce internetowej u\u017cytkownika mog\u0105 ograniczy\u0107 dost\u0119p do niekt\u00f3rych funkcji strony internetowej serwisu.<br \/><br \/>8. Pliki (cookies) z kt\u00f3rych korzysta serwis (zamieszczane w urz\u0105dzeniu ko\u0144cowym u\u017cytkownika) mog\u0105 by\u0107 udost\u0119pnione jego partnerom oraz wsp\u00f3\u0142pracuj\u0105cym z nim reklamodawc\u0105.<br \/><br \/>9. Informacje dotycz\u0105ce ustawie\u0144 przegl\u0105darek internetowych dost\u0119pne s\u0105 w jej menu (pomoc) lub na stronie jej producenta.<br \/><br \/>10. Bardziej szczeg\u00f3\u0142owe informacje na temat plik\u00f3w (cookies) dost\u0119pne s\u0105 na stronie <a title=\"ciasteczka.org.pl\" href=\"http:\/\/ciasteczka.org.pl\/\" target=\"_blank\" rel=\"noopener\">ciasteczka.org.pl<\/a><\/p>\t\t\t\t\t\t<\/div>\n\t\t\t\t<\/div>\n\t\t\t\t\t<\/div>\n\t\t<\/div>\n\t\t\t\t\t\t\t<\/div>\n\t\t<\/section>\n\t\t\t\t\t\t<\/div>\n\t\t\t\t\t<\/div>\n\t\t","protected":false},"excerpt":{"rendered":"<p>Polityka prywatno\u015bci wersja dost\u0119pna od dnia 20.10.2021 1. Serwis zbiera w spos\u00f3b automatyczny tylko informacje zawarte w plikach cookies. 2. Pliki (cookies) s\u0105 plikami tekstowymi, kt\u00f3re przechowywane s\u0105 w urz\u0105dzeniu ko\u0144cowym u\u017cytkownika serwisu. Przeznaczone s\u0105 do korzystania ze stron serwisu. Przede wszystkim zawieraj\u0105 nazw\u0119 strony internetowej swojego pochodzenia, sw\u00f3j unikalny numer, czas przechowywania na urz\u0105dzeniu [&hellip;]<\/p>\n","protected":false},"author":1,"featured_media":0,"parent":0,"menu_order":0,"comment_status":"closed","ping_status":"closed","template":"","meta":{"footnotes":""},"class_list":["post-10119","page","type-page","status-publish","hentry"],"_links":{"self":[{"href":"https:\/\/uniliving.pl\/index.php?rest_route=\/wp\/v2\/pages\/10119","targetHints":{"allow":["GET"]}}],"collection":[{"href":"https:\/\/uniliving.pl\/index.php?rest_route=\/wp\/v2\/pages"}],"about":[{"href":"https:\/\/uniliving.pl\/index.php?rest_route=\/wp\/v2\/types\/page"}],"author":[{"embeddable":true,"href":"https:\/\/uniliving.pl\/index.php?rest_route=\/wp\/v2\/users\/1"}],"replies":[{"embeddable":true,"href":"https:\/\/uniliving.pl\/index.php?rest_route=%2Fwp%2Fv2%2Fcomments&post=10119"}],"version-history":[{"count":4,"href":"https:\/\/uniliving.pl\/index.php?rest_route=\/wp\/v2\/pages\/10119\/revisions"}],"predecessor-version":[{"id":10125,"href":"https:\/\/uniliving.pl\/index.php?rest_route=\/wp\/v2\/pages\/10119\/revisions\/10125"}],"wp:attachment":[{"href":"https:\/\/uniliving.pl\/index.php?rest_route=%2Fwp%2Fv2%2Fmedia&parent=10119"}],"curies":[{"name":"wp","href":"https:\/\/api.w.org\/{rel}","templated":true}]}}